{"id":1083,"date":"2019-01-23T06:31:31","date_gmt":"2019-01-23T06:31:31","guid":{"rendered":"https:\/\/mc4x4.com\/index.php\/about-us\/"},"modified":"2026-02-11T18:23:31","modified_gmt":"2026-02-11T18:23:31","slug":"sobre-nos","status":"publish","type":"page","link":"https:\/\/mc4x4.com\/index.php\/sobre-nos\/","title":{"rendered":"Sobre N\u00f3s"},"content":{"rendered":"\t\t<div data-elementor-type=\"wp-post\" data-elementor-id=\"1083\" class=\"elementor elementor-1083\">\n\t\t\t\t\t\t\t\t\t<section class=\"elementor-section elementor-top-section elementor-element elementor-element-66b8278 elementor-section-height-min-height elementor-section-boxed elementor-section-height-default elementor-section-items-middle\" data-id=\"66b8278\" data-element_type=\"section\" data-settings=\"{&quot;background_background&quot;:&quot;classic&quot;}\">\n\t\t\t\t\t\t\t<div class=\"elementor-background-overlay\"><\/div>\n\t\t\t\t\t\t\t<div class=\"elementor-container elementor-column-gap-default\">\n\t\t\t\t\t<div class=\"elementor-column elementor-col-100 elementor-top-column elementor-element elementor-element-c77364f\" data-id=\"c77364f\" data-element_type=\"column\">\n\t\t\t<div class=\"elementor-widget-wrap elementor-element-populated\">\n\t\t\t\t\t\t\t\t<div class=\"elementor-element elementor-element-f0b0c8a elementor-widget elementor-widget-heading\" data-id=\"f0b0c8a\" data-element_type=\"widget\" data-widget_type=\"heading.default\">\n\t\t\t\t<div class=\"elementor-widget-container\">\n\t\t\t<style>\/*! elementor - v3.18.0 - 20-12-2023 *\/\n.elementor-heading-title{padding:0;margin:0;line-height:1}.elementor-widget-heading .elementor-heading-title[class*=elementor-size-]>a{color:inherit;font-size:inherit;line-height:inherit}.elementor-widget-heading .elementor-heading-title.elementor-size-small{font-size:15px}.elementor-widget-heading .elementor-heading-title.elementor-size-medium{font-size:19px}.elementor-widget-heading .elementor-heading-title.elementor-size-large{font-size:29px}.elementor-widget-heading .elementor-heading-title.elementor-size-xl{font-size:39px}.elementor-widget-heading .elementor-heading-title.elementor-size-xxl{font-size:59px}<\/style><h1 class=\"elementor-heading-title elementor-size-default\">SOBRE N\u00d3S<\/h1>\t\t<\/div>\n\t\t\t\t<\/div>\n\t\t\t\t\t<\/div>\n\t\t<\/div>\n\t\t\t\t\t\t\t<\/div>\n\t\t<\/section>\n\t\t\t\t<section class=\"elementor-section elementor-top-section elementor-element elementor-element-4a5d220 elementor-section-boxed elementor-section-height-default elementor-section-height-default\" data-id=\"4a5d220\" data-element_type=\"section\">\n\t\t\t\t\t\t<div class=\"elementor-container elementor-column-gap-no\">\n\t\t\t\t\t<div class=\"elementor-column elementor-col-33 elementor-top-column elementor-element elementor-element-737ec4c\" data-id=\"737ec4c\" data-element_type=\"column\">\n\t\t\t<div class=\"elementor-widget-wrap elementor-element-populated\">\n\t\t\t\t\t\t\t\t<div class=\"elementor-element elementor-element-efb0e9a animated-fast elementor-invisible elementor-widget elementor-widget-heading\" data-id=\"efb0e9a\" data-element_type=\"widget\" data-settings=\"{&quot;_animation&quot;:&quot;slideInLeft&quot;}\" data-widget_type=\"heading.default\">\n\t\t\t\t<div class=\"elementor-widget-container\">\n\t\t\t<h3 class=\"elementor-heading-title elementor-size-xl\">Paix\u00e3o que nos move. Adrenalina que nos define.<\/h3>\t\t<\/div>\n\t\t\t\t<\/div>\n\t\t\t\t\t<\/div>\n\t\t<\/div>\n\t\t\t\t<div class=\"elementor-column elementor-col-66 elementor-top-column elementor-element elementor-element-e6bc9af\" data-id=\"e6bc9af\" data-element_type=\"column\">\n\t\t\t<div class=\"elementor-widget-wrap elementor-element-populated\">\n\t\t\t\t\t\t\t\t<div class=\"elementor-element elementor-element-8bf9f70 animated-fast elementor-invisible elementor-widget elementor-widget-text-editor\" data-id=\"8bf9f70\" data-element_type=\"widget\" data-settings=\"{&quot;_animation&quot;:&quot;slideInRight&quot;,&quot;_animation_delay&quot;:500}\" data-widget_type=\"text-editor.default\">\n\t\t\t\t<div class=\"elementor-widget-container\">\n\t\t\t<style>\/*! elementor - v3.18.0 - 20-12-2023 *\/\n.elementor-widget-text-editor.elementor-drop-cap-view-stacked .elementor-drop-cap{background-color:#69727d;color:#fff}.elementor-widget-text-editor.elementor-drop-cap-view-framed .elementor-drop-cap{color:#69727d;border:3px solid;background-color:transparent}.elementor-widget-text-editor:not(.elementor-drop-cap-view-default) .elementor-drop-cap{margin-top:8px}.elementor-widget-text-editor:not(.elementor-drop-cap-view-default) .elementor-drop-cap-letter{width:1em;height:1em}.elementor-widget-text-editor .elementor-drop-cap{float:left;text-align:center;line-height:1;font-size:50px}.elementor-widget-text-editor .elementor-drop-cap-letter{display:inline-block}<\/style>\t\t\t\t<p data-start=\"208\" data-end=\"469\">\u00a0 \u00a0 \u00c9 um facto que a procura por adrenalina faz parte da natureza humana \u2014 e poucas experi\u00eancias se comparam \u00e0 liberdade e exig\u00eancia t\u00e9cnica do mundo 4\u00d74. Mais do que um hobby, o todo-o-terreno \u00e9 uma paix\u00e3o que exige conhecimento, prepara\u00e7\u00e3o e equipamento adequado.<\/p><p data-start=\"471\" data-end=\"772\">\u00a0 \u00a0 Presente no mercado desde 2007, a <strong data-start=\"505\" data-end=\"514\">MC4x4<\/strong> afirma-se como uma refer\u00eancia nacional no setor do 4\u00d74. Ao longo de quase 20 anos de atividade, constru\u00edmos um percurso assente em experi\u00eancia pr\u00e1tica, conhecimento t\u00e9cnico aprofundado e uma sele\u00e7\u00e3o criteriosa das melhores marcas internacionais.<\/p><p data-start=\"1058\" data-end=\"1227\">\u00a0 \u00a0 Somos importadores e distribuidores exclusivos de algumas das principais marcas do mercado, assegurando acesso direto a produtos de elevada qualidade e desempenho comprovado.<\/p><p data-start=\"1058\" data-end=\"1227\">\u00a0 \u00a0 Mais do que vender produtos, prestamos aconselhamento t\u00e9cnico especializado. Acreditamos que n\u00e3o existe em Portugal quem re\u00fana maior experi\u00eancia pr\u00e1tica e conhecimento t\u00e9cnico no universo 4\u00d74 do que a MC4x4. \u00c9 essa dedica\u00e7\u00e3o e especializa\u00e7\u00e3o que nos distingue.<\/p>\t\t\t\t\t\t<\/div>\n\t\t\t\t<\/div>\n\t\t\t\t\t<\/div>\n\t\t<\/div>\n\t\t\t\t\t\t\t<\/div>\n\t\t<\/section>\n\t\t\t\t<section class=\"elementor-section elementor-top-section elementor-element elementor-element-a400379 elementor-section-content-middle elementor-section-boxed elementor-section-height-default elementor-section-height-default\" data-id=\"a400379\" data-element_type=\"section\" data-settings=\"{&quot;background_background&quot;:&quot;classic&quot;}\">\n\t\t\t\t\t\t<div class=\"elementor-container elementor-column-gap-no\">\n\t\t\t\t\t<div class=\"elementor-column elementor-col-100 elementor-top-column elementor-element elementor-element-c9222c3\" data-id=\"c9222c3\" data-element_type=\"column\">\n\t\t\t<div class=\"elementor-widget-wrap elementor-element-populated\">\n\t\t\t\t\t\t\t\t<div class=\"elementor-element elementor-element-7e489a2 elementor-widget elementor-widget-heading\" data-id=\"7e489a2\" data-element_type=\"widget\" data-widget_type=\"heading.default\">\n\t\t\t\t<div class=\"elementor-widget-container\">\n\t\t\t<h2 class=\"elementor-heading-title elementor-size-default\">A nossa empresa<\/h2>\t\t<\/div>\n\t\t\t\t<\/div>\n\t\t\t\t<div class=\"elementor-element elementor-element-b2657e0 elementor-widget elementor-widget-text-editor\" data-id=\"b2657e0\" data-element_type=\"widget\" data-widget_type=\"text-editor.default\">\n\t\t\t\t<div class=\"elementor-widget-container\">\n\t\t\t\t\t\t\t<p>E os nossos fornecedores<\/p>\t\t\t\t\t\t<\/div>\n\t\t\t\t<\/div>\n\t\t\t\t<div class=\"elementor-element elementor-element-beeacce elementor-widget elementor-widget-image\" data-id=\"beeacce\" data-element_type=\"widget\" data-widget_type=\"image.default\">\n\t\t\t\t<div class=\"elementor-widget-container\">\n\t\t\t<style>\/*! elementor - v3.18.0 - 20-12-2023 *\/\n.elementor-widget-image{text-align:center}.elementor-widget-image a{display:inline-block}.elementor-widget-image a img[src$=\".svg\"]{width:48px}.elementor-widget-image img{vertical-align:middle;display:inline-block}<\/style>\t\t\t\t\t\t\t\t\t\t\t\t<img fetchpriority=\"high\" decoding=\"async\" width=\"1788\" height=\"1152\" src=\"https:\/\/mc4x4.com\/wp-content\/uploads\/2022\/09\/fornecedores-Recovered.jpg\" class=\"attachment-full size-full wp-image-2045\" alt=\"\" srcset=\"https:\/\/mc4x4.com\/wp-content\/uploads\/2022\/09\/fornecedores-Recovered.jpg 1788w, https:\/\/mc4x4.com\/wp-content\/uploads\/2022\/09\/fornecedores-Recovered-300x193.jpg 300w, https:\/\/mc4x4.com\/wp-content\/uploads\/2022\/09\/fornecedores-Recovered-1024x660.jpg 1024w, https:\/\/mc4x4.com\/wp-content\/uploads\/2022\/09\/fornecedores-Recovered-768x495.jpg 768w, https:\/\/mc4x4.com\/wp-content\/uploads\/2022\/09\/fornecedores-Recovered-1536x990.jpg 1536w, https:\/\/mc4x4.com\/wp-content\/uploads\/2022\/09\/fornecedores-Recovered-600x387.jpg 600w\" sizes=\"(max-width: 1788px) 100vw, 1788px\" \/>\t\t\t\t\t\t\t\t\t\t\t\t\t\t\t<\/div>\n\t\t\t\t<\/div>\n\t\t\t\t<div class=\"elementor-element elementor-element-d95e11a elementor-widget elementor-widget-text-editor\" data-id=\"d95e11a\" data-element_type=\"widget\" data-widget_type=\"text-editor.default\">\n\t\t\t\t<div class=\"elementor-widget-container\">\n\t\t\t\t\t\t\t\t\t\t\t\t\t<\/div>\n\t\t\t\t<\/div>\n\t\t\t\t\t<\/div>\n\t\t<\/div>\n\t\t\t\t\t\t\t<\/div>\n\t\t<\/section>\n\t\t\t\t\t\t\t<\/div>\n\t\t","protected":false},"excerpt":{"rendered":"<p>SOBRE N\u00d3S Paix\u00e3o que nos move. Adrenalina que nos define. \u00a0 \u00a0 \u00c9 um facto que a procura por adrenalina faz parte da natureza humana \u2014 e poucas experi\u00eancias se comparam \u00e0 liberdade e exig\u00eancia t\u00e9cnica do mundo 4\u00d74. Mais do que um hobby, o todo-o-terreno \u00e9 uma paix\u00e3o que exige conhecimento, prepara\u00e7\u00e3o e equipamento &hellip;<\/p>\n<p class=\"read-more\"> <a class=\"\" href=\"https:\/\/mc4x4.com\/index.php\/sobre-nos\/\"> <span class=\"screen-reader-text\">Sobre N\u00f3s<\/span> Read More &raquo;<\/a><\/p>\n","protected":false},"author":1,"featured_media":0,"parent":0,"menu_order":0,"comment_status":"closed","ping_status":"closed","template":"","meta":{"site-sidebar-layout":"no-sidebar","site-content-layout":"page-builder","ast-global-header-display":"","ast-main-header-display":"","ast-hfb-above-header-display":"","ast-hfb-below-header-display":"","ast-hfb-mobile-header-display":"","site-post-title":"disabled","ast-breadcrumbs-content":"","ast-featured-img":"disabled","footer-sml-layout":"","theme-transparent-header-meta":"enabled","adv-header-id-meta":"","stick-header-meta":"","header-above-stick-meta":"","header-main-stick-meta":"","header-below-stick-meta":"","footnotes":""},"_links":{"self":[{"href":"https:\/\/mc4x4.com\/index.php\/wp-json\/wp\/v2\/pages\/1083"}],"collection":[{"href":"https:\/\/mc4x4.com\/index.php\/wp-json\/wp\/v2\/pages"}],"about":[{"href":"https:\/\/mc4x4.com\/index.php\/wp-json\/wp\/v2\/types\/page"}],"author":[{"embeddable":true,"href":"https:\/\/mc4x4.com\/index.php\/wp-json\/wp\/v2\/users\/1"}],"replies":[{"embeddable":true,"href":"https:\/\/mc4x4.com\/index.php\/wp-json\/wp\/v2\/comments?post=1083"}],"version-history":[{"count":44,"href":"https:\/\/mc4x4.com\/index.php\/wp-json\/wp\/v2\/pages\/1083\/revisions"}],"predecessor-version":[{"id":2445,"href":"https:\/\/mc4x4.com\/index.php\/wp-json\/wp\/v2\/pages\/1083\/revisions\/2445"}],"wp:attachment":[{"href":"https:\/\/mc4x4.com\/index.php\/wp-json\/wp\/v2\/media?parent=1083"}],"curies":[{"name":"wp","href":"https:\/\/api.w.org\/{rel}","templated":true}]}}