{"id":1890,"date":"2022-09-09T01:25:33","date_gmt":"2022-09-09T01:25:33","guid":{"rendered":"https:\/\/mc4x4.com\/?post_type=product&#038;p=1890"},"modified":"2026-02-19T16:35:02","modified_gmt":"2026-02-19T16:35:02","slug":"amortecedor","status":"publish","type":"product","link":"https:\/\/mc4x4.com\/index.php\/produto\/amortecedor\/","title":{"rendered":"OLD MAN EMU"},"content":{"rendered":"","protected":false},"excerpt":{"rendered":"<p data-start=\"114\" data-end=\"169\"><em data-start=\"114\" data-end=\"169\">Sistemas de suspens\u00e3o desenvolvidos para uso off-road<\/em><\/p>\n<p data-start=\"171\" data-end=\"496\">A Old Man Emu desenvolve sistemas de suspens\u00e3o espec\u00edficos para ve\u00edculos 4&#215;4, focados em conforto, controlo e durabilidade em utiliza\u00e7\u00e3o fora de estrada.<br data-start=\"324\" data-end=\"327\" \/>Projetados e testados em condi\u00e7\u00f5es reais, os seus componentes oferecem desempenho consistente, especialmente em ve\u00edculos preparados para carga adicional e uso intensivo.<\/p>\n","protected":false},"featured_media":2468,"comment_status":"open","ping_status":"closed","template":"","meta":{"site-sidebar-layout":"default","site-content-layout":"default","ast-global-header-display":"","ast-main-header-display":"","ast-hfb-above-header-display":"","ast-hfb-below-header-display":"","ast-hfb-mobile-header-display":"","site-post-title":"","ast-breadcrumbs-content":"","ast-featured-img":"","footer-sml-layout":"","theme-transparent-header-meta":"default","adv-header-id-meta":"","stick-header-meta":"","header-above-stick-meta":"","header-main-stick-meta":"","header-below-stick-meta":""},"product_cat":[32],"product_tag":[],"_links":{"self":[{"href":"https:\/\/mc4x4.com\/index.php\/wp-json\/wp\/v2\/product\/1890"}],"collection":[{"href":"https:\/\/mc4x4.com\/index.php\/wp-json\/wp\/v2\/product"}],"about":[{"href":"https:\/\/mc4x4.com\/index.php\/wp-json\/wp\/v2\/types\/product"}],"replies":[{"embeddable":true,"href":"https:\/\/mc4x4.com\/index.php\/wp-json\/wp\/v2\/comments?post=1890"}],"wp:featuredmedia":[{"embeddable":true,"href":"https:\/\/mc4x4.com\/index.php\/wp-json\/wp\/v2\/media\/2468"}],"wp:attachment":[{"href":"https:\/\/mc4x4.com\/index.php\/wp-json\/wp\/v2\/media?parent=1890"}],"wp:term":[{"taxonomy":"product_cat","embeddable":true,"href":"https:\/\/mc4x4.com\/index.php\/wp-json\/wp\/v2\/product_cat?post=1890"},{"taxonomy":"product_tag","embeddable":true,"href":"https:\/\/mc4x4.com\/index.php\/wp-json\/wp\/v2\/product_tag?post=1890"}],"curies":[{"name":"wp","href":"https:\/\/api.w.org\/{rel}","templated":true}]}}