{"id":1983,"date":"2022-09-16T10:01:44","date_gmt":"2022-09-16T10:01:44","guid":{"rendered":"https:\/\/mc4x4.com\/?post_type=product&#038;p=1983"},"modified":"2026-02-19T16:26:36","modified_gmt":"2026-02-19T16:26:36","slug":"snorkels","status":"publish","type":"product","link":"https:\/\/mc4x4.com\/index.php\/produto\/snorkels\/","title":{"rendered":"SAFARI SNORKEL"},"content":{"rendered":"","protected":false},"excerpt":{"rendered":"<p data-start=\"150\" data-end=\"192\"><em data-start=\"150\" data-end=\"192\">Snorkels e sistemas de admiss\u00e3o para 4&#215;4<\/em><\/p>\n<p data-start=\"194\" data-end=\"496\">A Safari Snorkel desenvolve sistemas de admiss\u00e3o de ar elevados para ve\u00edculos 4&#215;4, concebidos para proteger o motor em travessias de \u00e1gua, poeira e ambientes extremos.<br data-start=\"361\" data-end=\"364\" \/>Projetados para encaixe espec\u00edfico em cada ve\u00edculo, garantem fiabilidade, durabilidade e desempenho em utiliza\u00e7\u00e3o off-road exigente.<\/p>\n","protected":false},"featured_media":2465,"comment_status":"open","ping_status":"closed","template":"","meta":{"site-sidebar-layout":"default","site-content-layout":"default","ast-global-header-display":"","ast-main-header-display":"","ast-hfb-above-header-display":"","ast-hfb-below-header-display":"","ast-hfb-mobile-header-display":"","site-post-title":"","ast-breadcrumbs-content":"","ast-featured-img":"","footer-sml-layout":"","theme-transparent-header-meta":"default","adv-header-id-meta":"","stick-header-meta":"","header-above-stick-meta":"","header-main-stick-meta":"","header-below-stick-meta":""},"product_cat":[33],"product_tag":[],"_links":{"self":[{"href":"https:\/\/mc4x4.com\/index.php\/wp-json\/wp\/v2\/product\/1983"}],"collection":[{"href":"https:\/\/mc4x4.com\/index.php\/wp-json\/wp\/v2\/product"}],"about":[{"href":"https:\/\/mc4x4.com\/index.php\/wp-json\/wp\/v2\/types\/product"}],"replies":[{"embeddable":true,"href":"https:\/\/mc4x4.com\/index.php\/wp-json\/wp\/v2\/comments?post=1983"}],"wp:featuredmedia":[{"embeddable":true,"href":"https:\/\/mc4x4.com\/index.php\/wp-json\/wp\/v2\/media\/2465"}],"wp:attachment":[{"href":"https:\/\/mc4x4.com\/index.php\/wp-json\/wp\/v2\/media?parent=1983"}],"wp:term":[{"taxonomy":"product_cat","embeddable":true,"href":"https:\/\/mc4x4.com\/index.php\/wp-json\/wp\/v2\/product_cat?post=1983"},{"taxonomy":"product_tag","embeddable":true,"href":"https:\/\/mc4x4.com\/index.php\/wp-json\/wp\/v2\/product_tag?post=1983"}],"curies":[{"name":"wp","href":"https:\/\/api.w.org\/{rel}","templated":true}]}}