{"id":1985,"date":"2022-09-16T10:07:26","date_gmt":"2022-09-16T10:07:26","guid":{"rendered":"https:\/\/mc4x4.com\/?post_type=product&#038;p=1985"},"modified":"2026-02-19T16:24:48","modified_gmt":"2026-02-19T16:24:48","slug":"embraiagens","status":"publish","type":"product","link":"https:\/\/mc4x4.com\/index.php\/produto\/embraiagens\/","title":{"rendered":"XTREME OUTBACK"},"content":{"rendered":"","protected":false},"excerpt":{"rendered":"<p data-start=\"392\" data-end=\"433\"><em data-start=\"392\" data-end=\"433\">Embraiagens refor\u00e7adas para uso extremo<\/em><\/p>\n<p data-start=\"435\" data-end=\"728\">A Xtreme Outback \u00e9 especializada em sistemas de embraiagem de alta resist\u00eancia para ve\u00edculos 4&#215;4 sujeitos a cargas elevadas e utiliza\u00e7\u00e3o severa. Desenvolvidas para m\u00e1xima fiabilidade, as suas solu\u00e7\u00f5es garantem desempenho consistente em expedi\u00e7\u00f5es, trabalho pesado e condu\u00e7\u00e3o off-road exigente.<\/p>\n<p data-start=\"435\" data-end=\"728\">Somos importadores exclusivos e oficiais ma marca em Portugal.<\/p>\n","protected":false},"featured_media":2464,"comment_status":"open","ping_status":"closed","template":"","meta":{"site-sidebar-layout":"default","site-content-layout":"default","ast-global-header-display":"","ast-main-header-display":"","ast-hfb-above-header-display":"","ast-hfb-below-header-display":"","ast-hfb-mobile-header-display":"","site-post-title":"","ast-breadcrumbs-content":"","ast-featured-img":"","footer-sml-layout":"","theme-transparent-header-meta":"default","adv-header-id-meta":"","stick-header-meta":"","header-above-stick-meta":"","header-main-stick-meta":"","header-below-stick-meta":""},"product_cat":[36],"product_tag":[],"_links":{"self":[{"href":"https:\/\/mc4x4.com\/index.php\/wp-json\/wp\/v2\/product\/1985"}],"collection":[{"href":"https:\/\/mc4x4.com\/index.php\/wp-json\/wp\/v2\/product"}],"about":[{"href":"https:\/\/mc4x4.com\/index.php\/wp-json\/wp\/v2\/types\/product"}],"replies":[{"embeddable":true,"href":"https:\/\/mc4x4.com\/index.php\/wp-json\/wp\/v2\/comments?post=1985"}],"wp:featuredmedia":[{"embeddable":true,"href":"https:\/\/mc4x4.com\/index.php\/wp-json\/wp\/v2\/media\/2464"}],"wp:attachment":[{"href":"https:\/\/mc4x4.com\/index.php\/wp-json\/wp\/v2\/media?parent=1985"}],"wp:term":[{"taxonomy":"product_cat","embeddable":true,"href":"https:\/\/mc4x4.com\/index.php\/wp-json\/wp\/v2\/product_cat?post=1985"},{"taxonomy":"product_tag","embeddable":true,"href":"https:\/\/mc4x4.com\/index.php\/wp-json\/wp\/v2\/product_tag?post=1985"}],"curies":[{"name":"wp","href":"https:\/\/api.w.org\/{rel}","templated":true}]}}