{"id":2041,"date":"2022-09-19T10:22:15","date_gmt":"2022-09-19T10:22:15","guid":{"rendered":"https:\/\/mc4x4.com\/?post_type=product&#038;p=2041"},"modified":"2026-02-19T16:12:24","modified_gmt":"2026-02-19T16:12:24","slug":"espacadores-hofmann","status":"publish","type":"product","link":"https:\/\/mc4x4.com\/index.php\/produto\/espacadores-hofmann\/","title":{"rendered":"HOFMANN"},"content":{"rendered":"","protected":false},"excerpt":{"rendered":"<p data-start=\"215\" data-end=\"254\"><em data-start=\"215\" data-end=\"254\">Espa\u00e7adores de roda para ve\u00edculos 4&#215;4<\/em><\/p>\n<p data-start=\"256\" data-end=\"591\">A Hofmann desenvolve <strong data-start=\"277\" data-end=\"300\">espa\u00e7adores de roda<\/strong> concebidos para garantir um encaixe preciso, robustez e fiabilidade em utiliza\u00e7\u00e3o exigente.<br data-start=\"392\" data-end=\"395\" \/>Com foco na qualidade de fabrico e toler\u00e2ncias rigorosas, \u00e9 uma solu\u00e7\u00e3o indicada para quem procura melhorar a largura de via e a estabilidade do ve\u00edculo, mantendo um conjunto seguro e consistente.<\/p>\n","protected":false},"featured_media":2461,"comment_status":"open","ping_status":"closed","template":"","meta":{"site-sidebar-layout":"default","site-content-layout":"default","ast-global-header-display":"","ast-main-header-display":"","ast-hfb-above-header-display":"","ast-hfb-below-header-display":"","ast-hfb-mobile-header-display":"","site-post-title":"","ast-breadcrumbs-content":"","ast-featured-img":"","footer-sml-layout":"","theme-transparent-header-meta":"default","adv-header-id-meta":"","stick-header-meta":"","header-above-stick-meta":"","header-main-stick-meta":"","header-below-stick-meta":""},"product_cat":[35],"product_tag":[],"_links":{"self":[{"href":"https:\/\/mc4x4.com\/index.php\/wp-json\/wp\/v2\/product\/2041"}],"collection":[{"href":"https:\/\/mc4x4.com\/index.php\/wp-json\/wp\/v2\/product"}],"about":[{"href":"https:\/\/mc4x4.com\/index.php\/wp-json\/wp\/v2\/types\/product"}],"replies":[{"embeddable":true,"href":"https:\/\/mc4x4.com\/index.php\/wp-json\/wp\/v2\/comments?post=2041"}],"wp:featuredmedia":[{"embeddable":true,"href":"https:\/\/mc4x4.com\/index.php\/wp-json\/wp\/v2\/media\/2461"}],"wp:attachment":[{"href":"https:\/\/mc4x4.com\/index.php\/wp-json\/wp\/v2\/media?parent=2041"}],"wp:term":[{"taxonomy":"product_cat","embeddable":true,"href":"https:\/\/mc4x4.com\/index.php\/wp-json\/wp\/v2\/product_cat?post=2041"},{"taxonomy":"product_tag","embeddable":true,"href":"https:\/\/mc4x4.com\/index.php\/wp-json\/wp\/v2\/product_tag?post=2041"}],"curies":[{"name":"wp","href":"https:\/\/api.w.org\/{rel}","templated":true}]}}