{"id":2076,"date":"2022-09-27T17:59:04","date_gmt":"2022-09-27T17:59:04","guid":{"rendered":"https:\/\/mc4x4.com\/?post_type=product&#038;p=2076"},"modified":"2026-02-19T16:11:04","modified_gmt":"2026-02-19T16:11:04","slug":"produtos-arb","status":"publish","type":"product","link":"https:\/\/mc4x4.com\/index.php\/produto\/produtos-arb\/","title":{"rendered":"ARB"},"content":{"rendered":"","protected":false},"excerpt":{"rendered":"<p data-start=\"780\" data-end=\"825\"><em data-start=\"780\" data-end=\"825\">Refer\u00eancia mundial em equipamentos off-road<\/em><\/p>\n<p data-start=\"827\" data-end=\"1062\">A ARB \u00e9 uma marca l\u00edder global em solu\u00e7\u00f5es e acess\u00f3rios para ve\u00edculos 4&#215;4, reconhecida pela qualidade, robustez e engenharia dos seus produtos. Desenvolvida e testada em ambientes extremos, \u00e9 sin\u00f3nimo de confian\u00e7a no mundo do off-road.<\/p>\n","protected":false},"featured_media":2460,"comment_status":"open","ping_status":"closed","template":"","meta":{"site-sidebar-layout":"default","site-content-layout":"default","ast-global-header-display":"","ast-main-header-display":"","ast-hfb-above-header-display":"","ast-hfb-below-header-display":"","ast-hfb-mobile-header-display":"","site-post-title":"","ast-breadcrumbs-content":"","ast-featured-img":"","footer-sml-layout":"","theme-transparent-header-meta":"default","adv-header-id-meta":"","stick-header-meta":"","header-above-stick-meta":"","header-main-stick-meta":"","header-below-stick-meta":""},"product_cat":[30],"product_tag":[],"_links":{"self":[{"href":"https:\/\/mc4x4.com\/index.php\/wp-json\/wp\/v2\/product\/2076"}],"collection":[{"href":"https:\/\/mc4x4.com\/index.php\/wp-json\/wp\/v2\/product"}],"about":[{"href":"https:\/\/mc4x4.com\/index.php\/wp-json\/wp\/v2\/types\/product"}],"replies":[{"embeddable":true,"href":"https:\/\/mc4x4.com\/index.php\/wp-json\/wp\/v2\/comments?post=2076"}],"wp:featuredmedia":[{"embeddable":true,"href":"https:\/\/mc4x4.com\/index.php\/wp-json\/wp\/v2\/media\/2460"}],"wp:attachment":[{"href":"https:\/\/mc4x4.com\/index.php\/wp-json\/wp\/v2\/media?parent=2076"}],"wp:term":[{"taxonomy":"product_cat","embeddable":true,"href":"https:\/\/mc4x4.com\/index.php\/wp-json\/wp\/v2\/product_cat?post=2076"},{"taxonomy":"product_tag","embeddable":true,"href":"https:\/\/mc4x4.com\/index.php\/wp-json\/wp\/v2\/product_tag?post=2076"}],"curies":[{"name":"wp","href":"https:\/\/api.w.org\/{rel}","templated":true}]}}