{"id":2469,"date":"2026-02-19T16:39:09","date_gmt":"2026-02-19T16:39:09","guid":{"rendered":"https:\/\/mc4x4.com\/?post_type=product&#038;p=2469"},"modified":"2026-02-19T16:39:10","modified_gmt":"2026-02-19T16:39:10","slug":"t-max","status":"publish","type":"product","link":"https:\/\/mc4x4.com\/index.php\/produto\/t-max\/","title":{"rendered":"T-MAX"},"content":{"rendered":"","protected":false},"excerpt":{"rendered":"<p data-start=\"152\" data-end=\"203\"><em data-start=\"152\" data-end=\"203\">Equipamentos de recupera\u00e7\u00e3o e acess\u00f3rios off-road<\/em><\/p>\n<p data-start=\"205\" data-end=\"491\">A TMAX desenvolve equipamentos de recupera\u00e7\u00e3o e acess\u00f3rios para ve\u00edculos 4&#215;4, focados em robustez, fiabilidade e facilidade de utiliza\u00e7\u00e3o.<br data-start=\"343\" data-end=\"346\" \/>Projetados para situa\u00e7\u00f5es exigentes, os seus produtos s\u00e3o amplamente utilizados em expedi\u00e7\u00f5es, trabalho fora de estrada e uso off-road intensivo.<\/p>\n","protected":false},"featured_media":2470,"comment_status":"open","ping_status":"closed","template":"","meta":{"site-sidebar-layout":"default","site-content-layout":"default","ast-global-header-display":"","ast-main-header-display":"","ast-hfb-above-header-display":"","ast-hfb-below-header-display":"","ast-hfb-mobile-header-display":"","site-post-title":"","ast-breadcrumbs-content":"","ast-featured-img":"","footer-sml-layout":"","theme-transparent-header-meta":"default","adv-header-id-meta":"","stick-header-meta":"","header-above-stick-meta":"","header-main-stick-meta":"","header-below-stick-meta":""},"product_cat":[19],"product_tag":[],"_links":{"self":[{"href":"https:\/\/mc4x4.com\/index.php\/wp-json\/wp\/v2\/product\/2469"}],"collection":[{"href":"https:\/\/mc4x4.com\/index.php\/wp-json\/wp\/v2\/product"}],"about":[{"href":"https:\/\/mc4x4.com\/index.php\/wp-json\/wp\/v2\/types\/product"}],"replies":[{"embeddable":true,"href":"https:\/\/mc4x4.com\/index.php\/wp-json\/wp\/v2\/comments?post=2469"}],"wp:featuredmedia":[{"embeddable":true,"href":"https:\/\/mc4x4.com\/index.php\/wp-json\/wp\/v2\/media\/2470"}],"wp:attachment":[{"href":"https:\/\/mc4x4.com\/index.php\/wp-json\/wp\/v2\/media?parent=2469"}],"wp:term":[{"taxonomy":"product_cat","embeddable":true,"href":"https:\/\/mc4x4.com\/index.php\/wp-json\/wp\/v2\/product_cat?post=2469"},{"taxonomy":"product_tag","embeddable":true,"href":"https:\/\/mc4x4.com\/index.php\/wp-json\/wp\/v2\/product_tag?post=2469"}],"curies":[{"name":"wp","href":"https:\/\/api.w.org\/{rel}","templated":true}]}}