{"id":2471,"date":"2026-02-19T16:41:56","date_gmt":"2026-02-19T16:41:56","guid":{"rendered":"https:\/\/mc4x4.com\/?post_type=product&#038;p=2471"},"modified":"2026-02-19T16:41:56","modified_gmt":"2026-02-19T16:41:56","slug":"dba-brakes","status":"publish","type":"product","link":"https:\/\/mc4x4.com\/index.php\/produto\/dba-brakes\/","title":{"rendered":"DBA BRAKES"},"content":{"rendered":"","protected":false},"excerpt":{"rendered":"<p data-start=\"543\" data-end=\"585\"><em data-start=\"543\" data-end=\"585\">Sistemas de travagem de alta performance<\/em><\/p>\n<p data-start=\"587\" data-end=\"877\">A DBA Brakes \u00e9 especializada no desenvolvimento de discos de trav\u00e3o de alta performance, concebidos para melhorar a efic\u00e1cia, controlo e dissipa\u00e7\u00e3o t\u00e9rmica.<br data-start=\"743\" data-end=\"746\" \/>Indicados para ve\u00edculos sujeitos a carga adicional e utiliza\u00e7\u00e3o exigente, oferecem maior seguran\u00e7a tanto em estrada como fora dela.<\/p>\n","protected":false},"featured_media":2472,"comment_status":"open","ping_status":"closed","template":"","meta":{"site-sidebar-layout":"default","site-content-layout":"default","ast-global-header-display":"","ast-main-header-display":"","ast-hfb-above-header-display":"","ast-hfb-below-header-display":"","ast-hfb-mobile-header-display":"","site-post-title":"","ast-breadcrumbs-content":"","ast-featured-img":"","footer-sml-layout":"","theme-transparent-header-meta":"default","adv-header-id-meta":"","stick-header-meta":"","header-above-stick-meta":"","header-main-stick-meta":"","header-below-stick-meta":""},"product_cat":[19],"product_tag":[],"_links":{"self":[{"href":"https:\/\/mc4x4.com\/index.php\/wp-json\/wp\/v2\/product\/2471"}],"collection":[{"href":"https:\/\/mc4x4.com\/index.php\/wp-json\/wp\/v2\/product"}],"about":[{"href":"https:\/\/mc4x4.com\/index.php\/wp-json\/wp\/v2\/types\/product"}],"replies":[{"embeddable":true,"href":"https:\/\/mc4x4.com\/index.php\/wp-json\/wp\/v2\/comments?post=2471"}],"wp:featuredmedia":[{"embeddable":true,"href":"https:\/\/mc4x4.com\/index.php\/wp-json\/wp\/v2\/media\/2472"}],"wp:attachment":[{"href":"https:\/\/mc4x4.com\/index.php\/wp-json\/wp\/v2\/media?parent=2471"}],"wp:term":[{"taxonomy":"product_cat","embeddable":true,"href":"https:\/\/mc4x4.com\/index.php\/wp-json\/wp\/v2\/product_cat?post=2471"},{"taxonomy":"product_tag","embeddable":true,"href":"https:\/\/mc4x4.com\/index.php\/wp-json\/wp\/v2\/product_tag?post=2471"}],"curies":[{"name":"wp","href":"https:\/\/api.w.org\/{rel}","templated":true}]}}