{"id":2473,"date":"2026-02-19T16:46:22","date_gmt":"2026-02-19T16:46:22","guid":{"rendered":"https:\/\/mc4x4.com\/?post_type=product&#038;p=2473"},"modified":"2026-02-19T16:46:45","modified_gmt":"2026-02-19T16:46:45","slug":"king","status":"publish","type":"product","link":"https:\/\/mc4x4.com\/index.php\/produto\/king\/","title":{"rendered":"KING"},"content":{"rendered":"","protected":false},"excerpt":{"rendered":"<p data-start=\"201\" data-end=\"249\"><em data-start=\"201\" data-end=\"249\">Amortecedores de alto desempenho para off-road<\/em><\/p>\n<p data-start=\"251\" data-end=\"595\">A King desenvolve amortecedores de alto desempenho para ve\u00edculos 4&#215;4, projetados para oferecer controlo, resist\u00eancia e consist\u00eancia em utiliza\u00e7\u00e3o off-road exigente.<br data-start=\"415\" data-end=\"418\" \/>Utilizados em aplica\u00e7\u00f5es de alto n\u00edvel, os seus sistemas s\u00e3o concebidos para suportar uso intensivo e condi\u00e7\u00f5es extremas, garantindo desempenho fi\u00e1vel em todo o tipo de terreno.<\/p>\n","protected":false},"featured_media":2474,"comment_status":"open","ping_status":"closed","template":"","meta":{"site-sidebar-layout":"default","site-content-layout":"default","ast-global-header-display":"","ast-main-header-display":"","ast-hfb-above-header-display":"","ast-hfb-below-header-display":"","ast-hfb-mobile-header-display":"","site-post-title":"","ast-breadcrumbs-content":"","ast-featured-img":"","footer-sml-layout":"","theme-transparent-header-meta":"default","adv-header-id-meta":"","stick-header-meta":"","header-above-stick-meta":"","header-main-stick-meta":"","header-below-stick-meta":""},"product_cat":[19],"product_tag":[],"_links":{"self":[{"href":"https:\/\/mc4x4.com\/index.php\/wp-json\/wp\/v2\/product\/2473"}],"collection":[{"href":"https:\/\/mc4x4.com\/index.php\/wp-json\/wp\/v2\/product"}],"about":[{"href":"https:\/\/mc4x4.com\/index.php\/wp-json\/wp\/v2\/types\/product"}],"replies":[{"embeddable":true,"href":"https:\/\/mc4x4.com\/index.php\/wp-json\/wp\/v2\/comments?post=2473"}],"wp:featuredmedia":[{"embeddable":true,"href":"https:\/\/mc4x4.com\/index.php\/wp-json\/wp\/v2\/media\/2474"}],"wp:attachment":[{"href":"https:\/\/mc4x4.com\/index.php\/wp-json\/wp\/v2\/media?parent=2473"}],"wp:term":[{"taxonomy":"product_cat","embeddable":true,"href":"https:\/\/mc4x4.com\/index.php\/wp-json\/wp\/v2\/product_cat?post=2473"},{"taxonomy":"product_tag","embeddable":true,"href":"https:\/\/mc4x4.com\/index.php\/wp-json\/wp\/v2\/product_tag?post=2473"}],"curies":[{"name":"wp","href":"https:\/\/api.w.org\/{rel}","templated":true}]}}